{"id":4854,"date":"2025-01-14T13:36:30","date_gmt":"2025-01-14T11:36:30","guid":{"rendered":"https:\/\/kaissu.com\/monus-elu-kaissuga\/"},"modified":"2025-01-14T13:37:36","modified_gmt":"2025-01-14T11:37:36","slug":"monus-elu-kaissuga","status":"publish","type":"page","link":"https:\/\/kaissu.com\/et\/monus-elu-kaissuga\/","title":{"rendered":"M\u00f5nus elu Kaissuga"},"content":{"rendered":"[vc_row type=&#8221;full_width_background&#8221; full_screen_row_position=&#8221;middle&#8221; column_margin=&#8221;default&#8221; column_direction=&#8221;default&#8221; column_direction_tablet=&#8221;default&#8221; column_direction_phone=&#8221;default&#8221; bg_color=&#8221;#eaeaea&#8221; bg_image=&#8221;2546&#8243; bg_position=&#8221;center center&#8221; background_image_loading=&#8221;default&#8221; bg_repeat=&#8221;no-repeat&#8221; scene_position=&#8221;center&#8221; top_padding=&#8221;3%&#8221; bottom_padding=&#8221;3%&#8221; text_color=&#8221;light&#8221; text_align=&#8221;left&#8221; row_border_radius=&#8221;none&#8221; row_border_radius_applies=&#8221;bg&#8221; overflow=&#8221;visible&#8221; color_overlay=&#8221;#0a0a0a&#8221; overlay_strength=&#8221;0.8&#8243; gradient_direction=&#8221;left_to_right&#8221; shape_divider_position=&#8221;bottom&#8221; bg_image_animation=&#8221;none&#8221; parallax_bg=&#8221;true&#8221; parallax_bg_speed=&#8221;fast&#8221; gradient_type=&#8221;default&#8221; shape_type=&#8221;&#8221;][vc_column column_padding=&#8221;no-extra-padding&#8221; column_padding_tablet=&#8221;inherit&#8221; column_padding_phone=&#8221;inherit&#8221; column_padding_position=&#8221;all&#8221; column_element_direction_desktop=&#8221;default&#8221; column_element_spacing=&#8221;default&#8221; desktop_text_alignment=&#8221;default&#8221; tablet_text_alignment=&#8221;default&#8221; phone_text_alignment=&#8221;default&#8221; background_color_opacity=&#8221;1&#8243; background_hover_color_opacity=&#8221;1&#8243; column_backdrop_filter=&#8221;none&#8221; column_shadow=&#8221;none&#8221; column_border_radius=&#8221;none&#8221; column_link_target=&#8221;_self&#8221; column_position=&#8221;default&#8221; gradient_direction=&#8221;left_to_right&#8221; overlay_strength=&#8221;0.3&#8243; width=&#8221;1\/1&#8243; tablet_width_inherit=&#8221;default&#8221; animation_type=&#8221;default&#8221; bg_image_animation=&#8221;none&#8221; border_type=&#8221;simple&#8221; column_border_width=&#8221;none&#8221; column_border_style=&#8221;solid&#8221;][vc_custom_heading text=&#8221;M\u00f5nus elu Kaissuga&#8221; font_container=&#8221;tag:h2|text_align:center&#8221; use_theme_fonts=&#8221;yes&#8221; css=&#8221;.vc_custom_1736428177874{margin-bottom: 3% !important;}&#8221;][vc_column_text css=&#8221;&#8221; text_direction=&#8221;default&#8221;]Kaissus me usume, et t\u00f5eline ilu ja harmoonia peituvad lihtsuses. Zen-inspireeritud eluviis t\u00e4hendab p\u00f5him\u00f5tte omaksv\u00f5tmist, et v\u00e4hem on rohkem. See v\u00f5imaldab meil leida rahuldust k\u00f5ige v\u00e4iksemates detailides ja kaduvates hetkedes. Jagame siin mitte ainult oma lemmikuid pilte ja -hetki, vaid ka lugusid ja m\u00f5tteid, mis inspireerivad teadlikumat ja harmoonilisemat eluviisi.[\/vc_column_text][recent_posts style=&#8221;list_featured_first_row_tall&#8221; columns=&#8221;3&#8243; category=&#8221;all&#8221; order=&#8221;DESC&#8221; orderby=&#8221;date&#8221; image_loading=&#8221;default&#8221; blog_remove_post_author=&#8221;true&#8221;][\/vc_column][\/vc_row]\n","protected":false},"excerpt":{"rendered":"<p>[vc_row type=&#8221;full_width_background&#8221; full_screen_row_position=&#8221;middle&#8221; column_margin=&#8221;default&#8221; column_direction=&#8221;default&#8221; column_direction_tablet=&#8221;default&#8221; column_direction_phone=&#8221;default&#8221; bg_color=&#8221;#eaeaea&#8221; bg_image=&#8221;2546&#8243; bg_position=&#8221;center center&#8221; background_image_loading=&#8221;default&#8221; bg_repeat=&#8221;no-repeat&#8221; scene_position=&#8221;center&#8221; top_padding=&#8221;3%&#8221; bottom_padding=&#8221;3%&#8221; text_color=&#8221;light&#8221; text_align=&#8221;left&#8221; row_border_radius=&#8221;none&#8221; row_border_radius_applies=&#8221;bg&#8221; overflow=&#8221;visible&#8221; color_overlay=&#8221;#0a0a0a&#8221; overlay_strength=&#8221;0.8&#8243; gradient_direction=&#8221;left_to_right&#8221; shape_divider_position=&#8221;bottom&#8221; bg_image_animation=&#8221;none&#8221; parallax_bg=&#8221;true&#8221; parallax_bg_speed=&#8221;fast&#8221; gradient_type=&#8221;default&#8221; shape_type=&#8221;&#8221;][vc_column&#8230;<\/p>\n","protected":false},"author":1,"featured_media":0,"parent":0,"menu_order":0,"comment_status":"closed","ping_status":"closed","template":"","meta":{"footnotes":""},"class_list":["post-4854","page","type-page","status-publish"],"yoast_head":"<!-- This site is optimized with the Yoast SEO Premium plugin v17.3 (Yoast SEO v20.7) - https:\/\/yoast.com\/wordpress\/plugins\/seo\/ -->\n<title>M\u00f5nus elu Kaissuga | Kaissu Interiors<\/title>\n<meta name=\"robots\" content=\"index, follow, max-snippet:-1, max-image-preview:large, max-video-preview:-1\" \/>\n<link rel=\"canonical\" href=\"https:\/\/kaissu.com\/zen-life\/\" \/>\n<meta property=\"og:locale\" content=\"et_EE\" \/>\n<meta property=\"og:type\" content=\"article\" \/>\n<meta property=\"og:title\" content=\"M\u00f5nus elu Kaissuga\" \/>\n<meta property=\"og:description\" content=\"[vc_row type=&#8221;full_width_background&#8221; full_screen_row_position=&#8221;middle&#8221; column_margin=&#8221;default&#8221; column_direction=&#8221;default&#8221; column_direction_tablet=&#8221;default&#8221; column_direction_phone=&#8221;default&#8221; bg_color=&#8221;#eaeaea&#8221; bg_image=&#8221;2546&#8243; bg_position=&#8221;center center&#8221; background_image_loading=&#8221;default&#8221; bg_repeat=&#8221;no-repeat&#8221; scene_position=&#8221;center&#8221; top_padding=&#8221;3%&#8221; bottom_padding=&#8221;3%&#8221; text_color=&#8221;light&#8221; text_align=&#8221;left&#8221; row_border_radius=&#8221;none&#8221; row_border_radius_applies=&#8221;bg&#8221; overflow=&#8221;visible&#8221; color_overlay=&#8221;#0a0a0a&#8221; overlay_strength=&#8221;0.8&#8243; gradient_direction=&#8221;left_to_right&#8221; shape_divider_position=&#8221;bottom&#8221; bg_image_animation=&#8221;none&#8221; parallax_bg=&#8221;true&#8221; parallax_bg_speed=&#8221;fast&#8221; gradient_type=&#8221;default&#8221; shape_type=&#8221;&#8221;][vc_column...\" \/>\n<meta property=\"og:url\" content=\"https:\/\/kaissu.com\/zen-life\/\" \/>\n<meta property=\"og:site_name\" content=\"Kaissu Interiors\" \/>\n<meta property=\"article:publisher\" content=\"https:\/\/facebook.com\/kaissufurniture\" \/>\n<meta property=\"article:modified_time\" content=\"2025-01-14T11:37:36+00:00\" \/>\n<meta name=\"twitter:card\" content=\"summary_large_image\" \/>\n<meta name=\"twitter:label1\" content=\"Est. reading time\" \/>\n\t<meta name=\"twitter:data1\" content=\"2 minutit\" \/>\n<script type=\"application\/ld+json\" class=\"yoast-schema-graph\">{\"@context\":\"https:\/\/schema.org\",\"@graph\":[{\"@type\":\"WebPage\",\"@id\":\"https:\/\/kaissu.com\/zen-life\/\",\"url\":\"https:\/\/kaissu.com\/zen-life\/\",\"name\":\"M\u00f5nus elu Kaissuga | Kaissu Interiors\",\"isPartOf\":{\"@id\":\"https:\/\/kaissu.com\/#website\"},\"datePublished\":\"2025-01-14T11:36:30+00:00\",\"dateModified\":\"2025-01-14T11:37:36+00:00\",\"breadcrumb\":{\"@id\":\"https:\/\/kaissu.com\/zen-life\/#breadcrumb\"},\"inLanguage\":\"et\",\"potentialAction\":[{\"@type\":\"ReadAction\",\"target\":[\"https:\/\/kaissu.com\/zen-life\/\"]}]},{\"@type\":\"BreadcrumbList\",\"@id\":\"https:\/\/kaissu.com\/zen-life\/#breadcrumb\",\"itemListElement\":[{\"@type\":\"ListItem\",\"position\":1,\"name\":\"Home\",\"item\":\"https:\/\/kaissu.com\/\"},{\"@type\":\"ListItem\",\"position\":2,\"name\":\"M\u00f5nus elu Kaissuga\"}]},{\"@type\":\"WebSite\",\"@id\":\"https:\/\/kaissu.com\/#website\",\"url\":\"https:\/\/kaissu.com\/\",\"name\":\"Kaissu Interiors\",\"description\":\"\",\"publisher\":{\"@id\":\"https:\/\/kaissu.com\/#organization\"},\"potentialAction\":[{\"@type\":\"SearchAction\",\"target\":{\"@type\":\"EntryPoint\",\"urlTemplate\":\"https:\/\/kaissu.com\/?s={search_term_string}\"},\"query-input\":\"required name=search_term_string\"}],\"inLanguage\":\"et\"},{\"@type\":\"Organization\",\"@id\":\"https:\/\/kaissu.com\/#organization\",\"name\":\"Kaissu\",\"url\":\"https:\/\/kaissu.com\/\",\"logo\":{\"@type\":\"ImageObject\",\"inLanguage\":\"et\",\"@id\":\"https:\/\/kaissu.com\/#\/schema\/logo\/image\/\",\"url\":\"https:\/\/kaissu.com\/wp-content\/uploads\/2021\/07\/kaissu-logo.png\",\"contentUrl\":\"https:\/\/kaissu.com\/wp-content\/uploads\/2021\/07\/kaissu-logo.png\",\"width\":113,\"height\":37,\"caption\":\"Kaissu\"},\"image\":{\"@id\":\"https:\/\/kaissu.com\/#\/schema\/logo\/image\/\"},\"sameAs\":[\"https:\/\/facebook.com\/kaissufurniture\"]}]}<\/script>\n<!-- \/ Yoast SEO Premium plugin. -->","yoast_head_json":{"title":"M\u00f5nus elu Kaissuga | Kaissu Interiors","robots":{"index":"index","follow":"follow","max-snippet":"max-snippet:-1","max-image-preview":"max-image-preview:large","max-video-preview":"max-video-preview:-1"},"canonical":"https:\/\/kaissu.com\/zen-life\/","og_locale":"et_EE","og_type":"article","og_title":"M\u00f5nus elu Kaissuga","og_description":"[vc_row type=&#8221;full_width_background&#8221; full_screen_row_position=&#8221;middle&#8221; column_margin=&#8221;default&#8221; column_direction=&#8221;default&#8221; column_direction_tablet=&#8221;default&#8221; column_direction_phone=&#8221;default&#8221; bg_color=&#8221;#eaeaea&#8221; bg_image=&#8221;2546&#8243; bg_position=&#8221;center center&#8221; background_image_loading=&#8221;default&#8221; bg_repeat=&#8221;no-repeat&#8221; scene_position=&#8221;center&#8221; top_padding=&#8221;3%&#8221; bottom_padding=&#8221;3%&#8221; text_color=&#8221;light&#8221; text_align=&#8221;left&#8221; row_border_radius=&#8221;none&#8221; row_border_radius_applies=&#8221;bg&#8221; overflow=&#8221;visible&#8221; color_overlay=&#8221;#0a0a0a&#8221; overlay_strength=&#8221;0.8&#8243; gradient_direction=&#8221;left_to_right&#8221; shape_divider_position=&#8221;bottom&#8221; bg_image_animation=&#8221;none&#8221; parallax_bg=&#8221;true&#8221; parallax_bg_speed=&#8221;fast&#8221; gradient_type=&#8221;default&#8221; shape_type=&#8221;&#8221;][vc_column...","og_url":"https:\/\/kaissu.com\/zen-life\/","og_site_name":"Kaissu Interiors","article_publisher":"https:\/\/facebook.com\/kaissufurniture","article_modified_time":"2025-01-14T11:37:36+00:00","twitter_card":"summary_large_image","twitter_misc":{"Est. reading time":"2 minutit"},"schema":{"@context":"https:\/\/schema.org","@graph":[{"@type":"WebPage","@id":"https:\/\/kaissu.com\/zen-life\/","url":"https:\/\/kaissu.com\/zen-life\/","name":"M\u00f5nus elu Kaissuga | Kaissu Interiors","isPartOf":{"@id":"https:\/\/kaissu.com\/#website"},"datePublished":"2025-01-14T11:36:30+00:00","dateModified":"2025-01-14T11:37:36+00:00","breadcrumb":{"@id":"https:\/\/kaissu.com\/zen-life\/#breadcrumb"},"inLanguage":"et","potentialAction":[{"@type":"ReadAction","target":["https:\/\/kaissu.com\/zen-life\/"]}]},{"@type":"BreadcrumbList","@id":"https:\/\/kaissu.com\/zen-life\/#breadcrumb","itemListElement":[{"@type":"ListItem","position":1,"name":"Home","item":"https:\/\/kaissu.com\/"},{"@type":"ListItem","position":2,"name":"M\u00f5nus elu Kaissuga"}]},{"@type":"WebSite","@id":"https:\/\/kaissu.com\/#website","url":"https:\/\/kaissu.com\/","name":"Kaissu Interiors","description":"","publisher":{"@id":"https:\/\/kaissu.com\/#organization"},"potentialAction":[{"@type":"SearchAction","target":{"@type":"EntryPoint","urlTemplate":"https:\/\/kaissu.com\/?s={search_term_string}"},"query-input":"required name=search_term_string"}],"inLanguage":"et"},{"@type":"Organization","@id":"https:\/\/kaissu.com\/#organization","name":"Kaissu","url":"https:\/\/kaissu.com\/","logo":{"@type":"ImageObject","inLanguage":"et","@id":"https:\/\/kaissu.com\/#\/schema\/logo\/image\/","url":"https:\/\/kaissu.com\/wp-content\/uploads\/2021\/07\/kaissu-logo.png","contentUrl":"https:\/\/kaissu.com\/wp-content\/uploads\/2021\/07\/kaissu-logo.png","width":113,"height":37,"caption":"Kaissu"},"image":{"@id":"https:\/\/kaissu.com\/#\/schema\/logo\/image\/"},"sameAs":["https:\/\/facebook.com\/kaissufurniture"]}]}},"_links":{"self":[{"href":"https:\/\/kaissu.com\/et\/wp-json\/wp\/v2\/pages\/4854","targetHints":{"allow":["GET"]}}],"collection":[{"href":"https:\/\/kaissu.com\/et\/wp-json\/wp\/v2\/pages"}],"about":[{"href":"https:\/\/kaissu.com\/et\/wp-json\/wp\/v2\/types\/page"}],"author":[{"embeddable":true,"href":"https:\/\/kaissu.com\/et\/wp-json\/wp\/v2\/users\/1"}],"replies":[{"embeddable":true,"href":"https:\/\/kaissu.com\/et\/wp-json\/wp\/v2\/comments?post=4854"}],"version-history":[{"count":8,"href":"https:\/\/kaissu.com\/et\/wp-json\/wp\/v2\/pages\/4854\/revisions"}],"predecessor-version":[{"id":4863,"href":"https:\/\/kaissu.com\/et\/wp-json\/wp\/v2\/pages\/4854\/revisions\/4863"}],"wp:attachment":[{"href":"https:\/\/kaissu.com\/et\/wp-json\/wp\/v2\/media?parent=4854"}],"curies":[{"name":"wp","href":"https:\/\/api.w.org\/{rel}","templated":true}]}}